{"id":70,"date":"2025-03-03T22:02:24","date_gmt":"2025-03-03T22:02:24","guid":{"rendered":"https:\/\/qrmenu.justnarkoz.com\/?page_id=70"},"modified":"2026-01-30T23:41:02","modified_gmt":"2026-01-30T23:41:02","slug":"googleda-bizi-degerlendirin","status":"publish","type":"page","link":"https:\/\/qrmenu.justnarkoz.com\/en\/googleda-bizi-degerlendirin\/","title":{"rendered":"Rate Us on Google"},"content":{"rendered":"<pre class=\"ti-widget\" style=\"display: none\"><template id=\"trustindex-google-widget-html\"><div class=\"ti-widget  ti-goog ti-show-rating-text ti-review-text-mode-readmore ti-text-align-left\" data-no-translation=\"true\" data-layout-id=\"8\" data-layout-category=\"sidebar\" data-set-id=\"light-background\" data-pid=\"\" data-language=\"tr\" data-close-locale=\"Kapal\u0131\" data-css-version=\"2\" data-review-text-mode=\"readmore\" data-reply-by-locale=\"Sahibinden cevap\" data-only-rating-locale=\"Bu kullan\u0131c\u0131 sadece bir puan b\u0131rakt\u0131.\" data-load-more-rows=\"5\" > <div class=\"ti-widget-container\"> <div class=\"ti-reviews-container\"> <div class=\"ti-header source-Google\"> <div class=\"ti-profile-img\"> <trustindex-image data-imgurl=\"https:\/\/lh4.googleusercontent.com\/-8X4OtU3iC1k\/AAAAAAAAAAI\/AAAAAAAAAAA\/V8vdlcypy-I\/s160-p-k-no-ns-nd\/photo.jpg\" data-imgurlset=\"https:\/\/lh4.googleusercontent.com\/-8X4OtU3iC1k\/AAAAAAAAAAI\/AAAAAAAAAAA\/V8vdlcypy-I\/s160-p-k-no-ns-nd\/photo.jpg 2x\" alt=\"Nark\u00f6z\" loading=\"lazy\" ><\/trustindex-image> <\/div> <div class=\"ti-profile-details\"> <div class=\"ti-name\"> Nark\u00f6z<\/div> <span class=\"ti-stars\"><trustindex-image class=\"ti-star\" data-imgurl=\"https:\/\/cdn.trustindex.io\/assets\/platform\/Google\/star\/f.svg\" alt=\"Google\" width=\"17\" height=\"17\" loading=\"lazy\" ><\/trustindex-image><trustindex-image class=\"ti-star\" data-imgurl=\"https:\/\/cdn.trustindex.io\/assets\/platform\/Google\/star\/f.svg\" alt=\"Google\" width=\"17\" height=\"17\" loading=\"lazy\" ><\/trustindex-image><trustindex-image class=\"ti-star\" data-imgurl=\"https:\/\/cdn.trustindex.io\/assets\/platform\/Google\/star\/f.svg\" alt=\"Google\" width=\"17\" height=\"17\" loading=\"lazy\" ><\/trustindex-image><trustindex-image class=\"ti-star\" data-imgurl=\"https:\/\/cdn.trustindex.io\/assets\/platform\/Google\/star\/f.svg\" alt=\"Google\" width=\"17\" height=\"17\" loading=\"lazy\" ><\/trustindex-image><trustindex-image class=\"ti-star\" data-imgurl=\"https:\/\/cdn.trustindex.io\/assets\/platform\/Google\/star\/h.svg\" alt=\"Google\" width=\"17\" height=\"17\" loading=\"lazy\" ><\/trustindex-image><\/span> <div class=\"ti-rating-text\"> <span class=\"nowrap\"><strong>62 Google de\u011ferlendirme<\/strong><\/span> <\/div> <div class=\"ti-header-write-btn-container\"> <a href=\"https:\/\/admin.trustindex.io\/api\/googleWriteReview?place-id=ChIJEcXHbexVwBQRxfXh9Saev3E\" class=\"ti-header-write-btn\" role=\"button\" aria-label=\"Google i\u00e7in bir inceleme yaz\u0131n\" target=\"_blank\" rel=\"noopener\" >Inceleme b\u0131rak<\/a> <\/div>  <\/div> <\/div> <div class=\"ti-reviews-container-wrapper\">  <div data-empty=\"0\" class=\"ti-review-item source-Google ti-image-layout-thumbnail\" data-id=\"cfcd208495d565ef66e7dff9f98764da\" > <div class=\"ti-inner\"> <div class=\"ti-review-header\"> <div class=\"ti-platform-icon ti-with-tooltip\"> <span class=\"ti-tooltip\">'da yay\u0131nland\u0131<\/span> <trustindex-image data-imgurl=\"https:\/\/cdn.trustindex.io\/assets\/platform\/Google\/icon.svg\" alt=\"\" width=\"20\" height=\"20\" loading=\"lazy\" ><\/trustindex-image> <\/div> <div class=\"ti-profile-img\"> <trustindex-image data-imgurl=\"https:\/\/lh3.googleusercontent.com\/a-\/ALV-UjXIto7tPt9VEW-ooBHpU5bz0scjMfLIWs2eJcHQZRzoJ1ffXqDE0w=w40-h40-c-rp-mo-ba3-br100\" data-imgurlset=\"https:\/\/lh3.googleusercontent.com\/a-\/ALV-UjXIto7tPt9VEW-ooBHpU5bz0scjMfLIWs2eJcHQZRzoJ1ffXqDE0w=w80-h80-c-rp-mo-ba3-br100 2x\" alt=\"Mehmet Kaya profile picture\" loading=\"lazy\" ><\/trustindex-image> <\/div> <div class=\"ti-profile-details\"> <div class=\"ti-name\"> Mehmet Kaya <\/div> <div class=\"ti-date\">2025-07-15<\/div> <\/div> <\/div> <span class=\"ti-stars\"><trustindex-image class=\"ti-star\" data-imgurl=\"https:\/\/cdn.trustindex.io\/assets\/platform\/Google\/star\/f.svg\" alt=\"Google\" width=\"17\" height=\"17\" loading=\"lazy\" ><\/trustindex-image><trustindex-image class=\"ti-star\" data-imgurl=\"https:\/\/cdn.trustindex.io\/assets\/platform\/Google\/star\/f.svg\" alt=\"Google\" width=\"17\" height=\"17\" loading=\"lazy\" ><\/trustindex-image><trustindex-image class=\"ti-star\" data-imgurl=\"https:\/\/cdn.trustindex.io\/assets\/platform\/Google\/star\/f.svg\" alt=\"Google\" width=\"17\" height=\"17\" loading=\"lazy\" ><\/trustindex-image><trustindex-image class=\"ti-star\" data-imgurl=\"https:\/\/cdn.trustindex.io\/assets\/platform\/Google\/star\/f.svg\" alt=\"Google\" width=\"17\" height=\"17\" loading=\"lazy\" ><\/trustindex-image><trustindex-image class=\"ti-star\" data-imgurl=\"https:\/\/cdn.trustindex.io\/assets\/platform\/Google\/star\/f.svg\" alt=\"Google\" width=\"17\" height=\"17\" loading=\"lazy\" ><\/trustindex-image><span class=\"ti-verified-review ti-verified-platform\"><span class=\"ti-verified-tooltip\">Trustindex, incelemenin orijinal kayna\u011f\u0131n\u0131n Google oldu\u011funu do\u011frular.<\/span><\/span><\/span> <div class=\"ti-review-content\"> <div class=\"ti-review-text-container ti-inner\"><!-- R-CONTENT -->\u00c7ok temiz ve \u00e7ok g\u00fczel i\u015f\u00e7ilikleri var m\u00fc\u015fteriye kar\u015f\u0131 \u00e7ok nazikler<!-- R-CONTENT --><\/div> <span class=\"ti-read-more\" data-container=\".ti-review-content .ti-inner\" data-collapse-text=\"Saklamak\" data-open-text=\"Daha fazla oku\" ><\/span> <\/div> <\/div> <\/div>  <div data-empty=\"0\" class=\"ti-review-item source-Google ti-image-layout-thumbnail\" data-id=\"cfcd208495d565ef66e7dff9f98764da\" > <div class=\"ti-inner\"> <div class=\"ti-review-header\"> <div class=\"ti-platform-icon ti-with-tooltip\"> <span class=\"ti-tooltip\">'da yay\u0131nland\u0131<\/span> <trustindex-image data-imgurl=\"https:\/\/cdn.trustindex.io\/assets\/platform\/Google\/icon.svg\" alt=\"\" width=\"20\" height=\"20\" loading=\"lazy\" ><\/trustindex-image> <\/div> <div class=\"ti-profile-img\"> <trustindex-image data-imgurl=\"https:\/\/lh3.googleusercontent.com\/a\/ACg8ocKP-cETnTQmT6wVmBcxpwg8yro71cqEbbb9G73djJejpHT4Cw=w40-h40-c-rp-mo-br100\" data-imgurlset=\"https:\/\/lh3.googleusercontent.com\/a\/ACg8ocKP-cETnTQmT6wVmBcxpwg8yro71cqEbbb9G73djJejpHT4Cw=w80-h80-c-rp-mo-br100 2x\" alt=\"G\u00fclafer Manavl\u0131 profile picture\" loading=\"lazy\" ><\/trustindex-image> <\/div> <div class=\"ti-profile-details\"> <div class=\"ti-name\"> G\u00fclafer Manavl\u0131 <\/div> <div class=\"ti-date\">2025-07-02<\/div> <\/div> <\/div> <span class=\"ti-stars\"><trustindex-image class=\"ti-star\" data-imgurl=\"https:\/\/cdn.trustindex.io\/assets\/platform\/Google\/star\/f.svg\" alt=\"Google\" width=\"17\" height=\"17\" loading=\"lazy\" ><\/trustindex-image><trustindex-image class=\"ti-star\" data-imgurl=\"https:\/\/cdn.trustindex.io\/assets\/platform\/Google\/star\/f.svg\" alt=\"Google\" width=\"17\" height=\"17\" loading=\"lazy\" ><\/trustindex-image><trustindex-image class=\"ti-star\" data-imgurl=\"https:\/\/cdn.trustindex.io\/assets\/platform\/Google\/star\/f.svg\" alt=\"Google\" width=\"17\" height=\"17\" loading=\"lazy\" ><\/trustindex-image><trustindex-image class=\"ti-star\" data-imgurl=\"https:\/\/cdn.trustindex.io\/assets\/platform\/Google\/star\/f.svg\" alt=\"Google\" width=\"17\" height=\"17\" loading=\"lazy\" ><\/trustindex-image><trustindex-image class=\"ti-star\" data-imgurl=\"https:\/\/cdn.trustindex.io\/assets\/platform\/Google\/star\/f.svg\" alt=\"Google\" width=\"17\" height=\"17\" loading=\"lazy\" ><\/trustindex-image><span class=\"ti-verified-review ti-verified-platform\"><span class=\"ti-verified-tooltip\">Trustindex, incelemenin orijinal kayna\u011f\u0131n\u0131n Google oldu\u011funu do\u011frular.<\/span><\/span><\/span> <div class=\"ti-review-content\"> <div class=\"ti-review-text-container ti-inner\"><!-- R-CONTENT -->Biz eve s\u00f6yledik her\u015feyiyle  gayet g\u00fczel bir d\u00f6ner yedim teslimat s\u00fcresi gayet h\u0131zl\u0131yd\u0131 bu mekandan olduk\u00e7a memnunum<!-- R-CONTENT --><\/div> <span class=\"ti-read-more\" data-container=\".ti-review-content .ti-inner\" data-collapse-text=\"Saklamak\" data-open-text=\"Daha fazla oku\" ><\/span> <\/div> <\/div> <\/div>  <div data-empty=\"0\" class=\"ti-review-item source-Google ti-image-layout-thumbnail\" data-id=\"cfcd208495d565ef66e7dff9f98764da\" > <div class=\"ti-inner\"> <div class=\"ti-review-header\"> <div class=\"ti-platform-icon ti-with-tooltip\"> <span class=\"ti-tooltip\">'da yay\u0131nland\u0131<\/span> <trustindex-image data-imgurl=\"https:\/\/cdn.trustindex.io\/assets\/platform\/Google\/icon.svg\" alt=\"\" width=\"20\" height=\"20\" loading=\"lazy\" ><\/trustindex-image> <\/div> <div class=\"ti-profile-img\"> <trustindex-image data-imgurl=\"https:\/\/lh3.googleusercontent.com\/a-\/ALV-UjW2TIgU1n2wn738wlJL95UnJWJHDKoH8sCqgteXYvNWsN09tXmD=w40-h40-c-rp-mo-ba3-br100\" data-imgurlset=\"https:\/\/lh3.googleusercontent.com\/a-\/ALV-UjW2TIgU1n2wn738wlJL95UnJWJHDKoH8sCqgteXYvNWsN09tXmD=w80-h80-c-rp-mo-ba3-br100 2x\" alt=\"Ci Goo profile picture\" loading=\"lazy\" ><\/trustindex-image> <\/div> <div class=\"ti-profile-details\"> <div class=\"ti-name\"> Ci Goo <\/div> <div class=\"ti-date\">2025-06-20<\/div> <\/div> <\/div> <span class=\"ti-stars\"><trustindex-image class=\"ti-star\" data-imgurl=\"https:\/\/cdn.trustindex.io\/assets\/platform\/Google\/star\/f.svg\" alt=\"Google\" width=\"17\" height=\"17\" loading=\"lazy\" ><\/trustindex-image><trustindex-image class=\"ti-star\" data-imgurl=\"https:\/\/cdn.trustindex.io\/assets\/platform\/Google\/star\/f.svg\" alt=\"Google\" width=\"17\" height=\"17\" loading=\"lazy\" ><\/trustindex-image><trustindex-image class=\"ti-star\" data-imgurl=\"https:\/\/cdn.trustindex.io\/assets\/platform\/Google\/star\/f.svg\" alt=\"Google\" width=\"17\" height=\"17\" loading=\"lazy\" ><\/trustindex-image><trustindex-image class=\"ti-star\" data-imgurl=\"https:\/\/cdn.trustindex.io\/assets\/platform\/Google\/star\/f.svg\" alt=\"Google\" width=\"17\" height=\"17\" loading=\"lazy\" ><\/trustindex-image><trustindex-image class=\"ti-star\" data-imgurl=\"https:\/\/cdn.trustindex.io\/assets\/platform\/Google\/star\/f.svg\" alt=\"Google\" width=\"17\" height=\"17\" loading=\"lazy\" ><\/trustindex-image><span class=\"ti-verified-review ti-verified-platform\"><span class=\"ti-verified-tooltip\">Trustindex, incelemenin orijinal kayna\u011f\u0131n\u0131n Google oldu\u011funu do\u011frular.<\/span><\/span><\/span> <div class=\"ti-review-content\"> <div class=\"ti-review-text-container ti-inner\"><!-- R-CONTENT -->\u00c7al\u0131\u015fan arkada\u015flar ve d\u00f6neri m\u00fckemmel<!-- R-CONTENT --><\/div> <span class=\"ti-read-more\" data-container=\".ti-review-content .ti-inner\" data-collapse-text=\"Saklamak\" data-open-text=\"Daha fazla oku\" ><\/span> <\/div> <\/div> <\/div>  <\/div> <div class=\"ti-load-more-reviews-container\"> <div class=\"ti-load-more-reviews-button\" style=\"display: none\">Daha fazla y\u00fckle<\/div> <\/div>   <div class=\"ti-verified-by ti-verified-by-row\" data-style=\"1\"> <div class=\"ti-inner\"> Do\u011frulayan: Trustindex <span class=\"ti-info-icon\"><\/span> <div class=\"ti-disclaimer\">Trustindex do\u011frulanm\u0131\u015f rozeti, G\u00fcvenin Evrensel Sembol\u00fcd\u00fcr. Sadece en iyi \u015firketler, 4.5 \u00fczerinde bir de\u011ferlendirme puan\u0131na sahip olan do\u011frulanm\u0131\u015f rozeti alabilir, son 12 ay i\u00e7inde m\u00fc\u015fteri incelemelerine dayal\u0131 olarak. <a href=\"https:\/\/www.trustindex.io\/?a=sys&c=wp-verified-badge&url=\/the-trustindex-verified-badge\/\" target=\"_blank\">Daha fazla oku<\/a><\/div> <\/div> <\/div>  <\/div> <\/div> <\/div> <\/template><\/pre><div data-src=\"https:\/\/cdn.trustindex.io\/loader.js?wp-widget\" data-template-id=\"trustindex-google-widget-html\" data-css-url=\"https:\/\/qrmenu.justnarkoz.com\/wp-content\/uploads\/trustindex-google-widget.css?1769816285\"><\/div>","protected":false},"excerpt":{"rendered":"","protected":false},"author":1,"featured_media":0,"parent":0,"menu_order":0,"comment_status":"closed","ping_status":"closed","template":"","meta":{"footnotes":""},"class_list":["post-70","page","type-page","status-publish","hentry"],"_links":{"self":[{"href":"https:\/\/qrmenu.justnarkoz.com\/en\/wp-json\/wp\/v2\/pages\/70","targetHints":{"allow":["GET"]}}],"collection":[{"href":"https:\/\/qrmenu.justnarkoz.com\/en\/wp-json\/wp\/v2\/pages"}],"about":[{"href":"https:\/\/qrmenu.justnarkoz.com\/en\/wp-json\/wp\/v2\/types\/page"}],"author":[{"embeddable":true,"href":"https:\/\/qrmenu.justnarkoz.com\/en\/wp-json\/wp\/v2\/users\/1"}],"replies":[{"embeddable":true,"href":"https:\/\/qrmenu.justnarkoz.com\/en\/wp-json\/wp\/v2\/comments?post=70"}],"version-history":[{"count":6,"href":"https:\/\/qrmenu.justnarkoz.com\/en\/wp-json\/wp\/v2\/pages\/70\/revisions"}],"predecessor-version":[{"id":343,"href":"https:\/\/qrmenu.justnarkoz.com\/en\/wp-json\/wp\/v2\/pages\/70\/revisions\/343"}],"wp:attachment":[{"href":"https:\/\/qrmenu.justnarkoz.com\/en\/wp-json\/wp\/v2\/media?parent=70"}],"curies":[{"name":"wp","href":"https:\/\/api.w.org\/{rel}","templated":true}]}}